{"id":1111,"date":"2018-10-10T16:02:58","date_gmt":"2018-10-10T16:02:58","guid":{"rendered":"https:\/\/evb-automation.de\/?page_id=1111"},"modified":"2019-11-29T09:51:46","modified_gmt":"2019-11-29T09:51:46","slug":"legal-notices","status":"publish","type":"page","link":"https:\/\/evb-automation.de\/en\/legal-notices\/","title":{"rendered":"Legal Notices"},"content":{"rendered":"<p>[et_pb_section fb_built=&#8221;1&#8243; _builder_version=&#8221;3.22&#8243;][et_pb_row _builder_version=&#8221;3.25&#8243; background_size=&#8221;initial&#8221; background_position=&#8221;top_left&#8221; background_repeat=&#8221;repeat&#8221;][et_pb_column type=&#8221;4_4&#8243; _builder_version=&#8221;3.25&#8243; custom_padding=&#8221;|||&#8221; custom_padding__hover=&#8221;|||&#8221;][et_pb_text _builder_version=&#8221;4.0.7&#8243; hover_enabled=&#8221;0&#8243;]<\/p>\n<h1>Site Notice<\/h1>\n<h2>Information pursuant to \u00a7 5 TMG<\/h2>\n<p>EVB Automation GmbH<br \/>\nKirschenleite 23<br \/>\n91220 Schnaittach<\/p>\n<p>Commercial Register: HRB: 5439 \u2014<br \/>\nRegistration court: N\u00fcrnberg<\/p>\n<p><strong>Represented by:<\/strong><br \/>\nDipl.-Ing. (FH) Matthias Albrecht<br \/>\nHorst H\u00e4nel<br \/>\nStefan H\u00e4nel<\/p>\n<h2>Contact<\/h2>\n<p>Phone: +49 (9153) 92457 \u2013 0<br \/>\nTelefax: +49 (9153) 92457 \u2013 29<br \/>\nE-mail: info@evb-automation.de<\/p>\n<h2>VAT ID<\/h2>\n<p>Sales tax identification number according to \u00a7 27 a of the Sales Tax Law:<br \/>\nDE 133 513 917<\/p>\n<h2>EU dispute resolution<\/h2>\n<p>The European Commission provides a platform for online dispute resolution (ODR): <a href=\"https:\/\/ec.europa.eu\/consumers\/odr\" target=\"_blank\" rel=\"noopener noreferrer\">https:\/\/ec.europa.eu\/consumers\/odr<\/a>.<br \/> Our e-mail address can be found above in the site notice.<\/p>\n<p>We are not willing or obliged to participate in dispute resolution proceedings before a consumer arbitration board.<\/p>\n<h3>Liability for Contents<\/h3>\n<p>As service providers, we are liable for own contents of these websites according to Paragraph 7, Sect. 1 German Telemedia Act (TMG). However, according to Paragraphs 8 to 10 German Telemedia Act (TMG), service providers are not obligated to permanently monitor submitted or stored information or to search for evidences that indicate illegal activities.<\/p>\n<p>Legal obligations to removing information or to blocking the use of information remain unchallenged. In this case, liability is only possible at the time of knowledge about a specific violation of law. Illegal contents will be removed immediately at the time we get knowledge of them.<\/p>\n<h3>Liability for Links<\/h3>\n<p>Our offer includes links to external third party websites. We have no influence on the contents of those websites, therefore we cannot guarantee for those contents. Providers or administrators of linked websites are always responsible for their own contents.<\/p>\n<p>The linked websites had been checked for possible violations of law at the time of the establishment of the link. Illegal contents were not detected at the time of the linking. A permanent monitoring of the contents of linked websites cannot be imposed without reasonable indications that there has been a violation of law. Illegal links will be removed immediately at the time we get knowledge of them.<\/p>\n<h3>Copyright<\/h3>\n<p>Contents and compilations published on these websites by the providers are subject to German copyright laws. Reproduction, editing, distribution as well as the use of any kind outside the scope of the copyright law require a written permission of the author or originator. Downloads and copies of these websites are permitted for private use only.<br \/> The commercial use of our contents without permission of the originator is prohibited.<\/p>\n<p>Copyright laws of third parties are respected as long as the contents on these websites do not originate from the provider. Contributions of third parties on this site are indicated as such. However, if you notice any violations of copyright law, please inform us. Such contents will be removed immediately.<\/p>\n<p>[\/et_pb_text][\/et_pb_column][\/et_pb_row][et_pb_row _builder_version=&#8221;3.25&#8243; background_size=&#8221;initial&#8221; background_position=&#8221;top_left&#8221; background_repeat=&#8221;repeat&#8221;][et_pb_column type=&#8221;4_4&#8243; _builder_version=&#8221;3.25&#8243; custom_padding=&#8221;|||&#8221; custom_padding__hover=&#8221;|||&#8221;][et_pb_text _builder_version=&#8221;3.27.4&#8243;]<\/p>\n<h4>Picture Copyright Notice:<\/h4>\n<p>Frontpage \u2013 Sector Services \u2013 Process chain, Process chain teaser, Frontpage &#8211; News &#8211; ISO NORM 9001, Post ISO NORM 9001: \u00a9 motorradcbr \/ Fotolia<\/p>\n<p>Frontpage \u2013 Sector Services \u2013 Additional services: \u00a9 FotolEdhar \/ Fotolia<\/p>\n<p>Services &#8211; Topic Services: Photo by&nbsp;<a href=\"https:\/\/unsplash.com\/photos\/m_HRfLhgABo?utm_source=unsplash&amp;utm_medium=referral&amp;utm_content=creditCopyText\">Christopher Gower<\/a>&nbsp;on&nbsp;<a href=\"https:\/\/unsplash.com\/@cgower?utm_source=unsplash&amp;utm_medium=referral&amp;utm_content=creditCopyText\">Unsplash<\/a><br \/>\n[\/et_pb_text][\/et_pb_column][\/et_pb_row][\/et_pb_section]<\/p>\n","protected":false},"excerpt":{"rendered":"<p>Site Notice Information pursuant to \u00a7 5 TMG EVB Automation GmbH Kirschenleite 23 91220 Schnaittach Commercial Register: HRB: 5439 \u2014 Registration court: N\u00fcrnberg Represented by: Dipl.-Ing. (FH) Matthias Albrecht Horst H\u00e4nel Stefan H\u00e4nel Contact Phone: +49 (9153) 92457 \u2013 0 Telefax: +49 (9153) 92457 \u2013 29 E-mail: info@evb-automation.de VAT ID Sales tax identification number according [&hellip;]<\/p>\n","protected":false},"author":8,"featured_media":0,"parent":0,"menu_order":0,"comment_status":"closed","ping_status":"closed","template":"","meta":{"_et_pb_use_builder":"on","_et_pb_old_content":"","_et_gb_content_width":"","inline_featured_image":false,"footnotes":""},"class_list":["post-1111","page","type-page","status-publish","hentry"],"yoast_head":"<!-- This site is optimized with the Yoast SEO plugin v24.0 - https:\/\/yoast.com\/wordpress\/plugins\/seo\/ -->\n<title>Legal Notices &#8211; EVB AUTOMATION<\/title>\n<meta name=\"robots\" content=\"index, follow, max-snippet:-1, max-image-preview:large, max-video-preview:-1\" \/>\n<link rel=\"canonical\" href=\"https:\/\/evb-automation.de\/en\/legal-notices\/\" \/>\n<meta property=\"og:locale\" content=\"en_US\" \/>\n<meta property=\"og:type\" content=\"article\" \/>\n<meta property=\"og:title\" content=\"Legal Notices &#8211; EVB AUTOMATION\" \/>\n<meta property=\"og:description\" content=\"Site Notice Information pursuant to \u00a7 5 TMG EVB Automation GmbH Kirschenleite 23 91220 Schnaittach Commercial Register: HRB: 5439 \u2014 Registration court: N\u00fcrnberg Represented by: Dipl.-Ing. (FH) Matthias Albrecht Horst H\u00e4nel Stefan H\u00e4nel Contact Phone: +49 (9153) 92457 \u2013 0 Telefax: +49 (9153) 92457 \u2013 29 E-mail: info@evb-automation.de VAT ID Sales tax identification number according [&hellip;]\" \/>\n<meta property=\"og:url\" content=\"https:\/\/evb-automation.de\/en\/legal-notices\/\" \/>\n<meta property=\"og:site_name\" content=\"EVB AUTOMATION\" \/>\n<meta property=\"article:modified_time\" content=\"2019-11-29T09:51:46+00:00\" \/>\n<meta name=\"twitter:card\" content=\"summary_large_image\" \/>\n<meta name=\"twitter:label1\" content=\"Est. reading time\" \/>\n\t<meta name=\"twitter:data1\" content=\"3 minutes\" \/>\n<!-- \/ Yoast SEO plugin. -->","yoast_head_json":{"title":"Legal Notices &#8211; EVB AUTOMATION","robots":{"index":"index","follow":"follow","max-snippet":"max-snippet:-1","max-image-preview":"max-image-preview:large","max-video-preview":"max-video-preview:-1"},"canonical":"https:\/\/evb-automation.de\/en\/legal-notices\/","og_locale":"en_US","og_type":"article","og_title":"Legal Notices &#8211; EVB AUTOMATION","og_description":"Site Notice Information pursuant to \u00a7 5 TMG EVB Automation GmbH Kirschenleite 23 91220 Schnaittach Commercial Register: HRB: 5439 \u2014 Registration court: N\u00fcrnberg Represented by: Dipl.-Ing. (FH) Matthias Albrecht Horst H\u00e4nel Stefan H\u00e4nel Contact Phone: +49 (9153) 92457 \u2013 0 Telefax: +49 (9153) 92457 \u2013 29 E-mail: info@evb-automation.de VAT ID Sales tax identification number according [&hellip;]","og_url":"https:\/\/evb-automation.de\/en\/legal-notices\/","og_site_name":"EVB AUTOMATION","article_modified_time":"2019-11-29T09:51:46+00:00","twitter_card":"summary_large_image","twitter_misc":{"Est. reading time":"3 minutes"},"schema":{"@context":"https:\/\/schema.org","@graph":[{"@type":"WebPage","@id":"https:\/\/evb-automation.de\/en\/legal-notices\/","url":"https:\/\/evb-automation.de\/en\/legal-notices\/","name":"Legal Notices &#8211; EVB AUTOMATION","isPartOf":{"@id":"https:\/\/evb-automation.de\/en\/#website"},"datePublished":"2018-10-10T16:02:58+00:00","dateModified":"2019-11-29T09:51:46+00:00","breadcrumb":{"@id":"https:\/\/evb-automation.de\/en\/legal-notices\/#breadcrumb"},"inLanguage":"en-US","potentialAction":[{"@type":"ReadAction","target":["https:\/\/evb-automation.de\/en\/legal-notices\/"]}]},{"@type":"BreadcrumbList","@id":"https:\/\/evb-automation.de\/en\/legal-notices\/#breadcrumb","itemListElement":[{"@type":"ListItem","position":1,"name":"Home","item":"https:\/\/evb-automation.de\/en\/"},{"@type":"ListItem","position":2,"name":"Legal Notices"}]},{"@type":"WebSite","@id":"https:\/\/evb-automation.de\/en\/#website","url":"https:\/\/evb-automation.de\/en\/","name":"EVB AUTOMATION","description":"","potentialAction":[{"@type":"SearchAction","target":{"@type":"EntryPoint","urlTemplate":"https:\/\/evb-automation.de\/en\/?s={search_term_string}"},"query-input":{"@type":"PropertyValueSpecification","valueRequired":true,"valueName":"search_term_string"}}],"inLanguage":"en-US"}]}},"_links":{"self":[{"href":"https:\/\/evb-automation.de\/en\/wp-json\/wp\/v2\/pages\/1111","targetHints":{"allow":["GET"]}}],"collection":[{"href":"https:\/\/evb-automation.de\/en\/wp-json\/wp\/v2\/pages"}],"about":[{"href":"https:\/\/evb-automation.de\/en\/wp-json\/wp\/v2\/types\/page"}],"author":[{"embeddable":true,"href":"https:\/\/evb-automation.de\/en\/wp-json\/wp\/v2\/users\/8"}],"replies":[{"embeddable":true,"href":"https:\/\/evb-automation.de\/en\/wp-json\/wp\/v2\/comments?post=1111"}],"version-history":[{"count":4,"href":"https:\/\/evb-automation.de\/en\/wp-json\/wp\/v2\/pages\/1111\/revisions"}],"predecessor-version":[{"id":3820,"href":"https:\/\/evb-automation.de\/en\/wp-json\/wp\/v2\/pages\/1111\/revisions\/3820"}],"wp:attachment":[{"href":"https:\/\/evb-automation.de\/en\/wp-json\/wp\/v2\/media?parent=1111"}],"curies":[{"name":"wp","href":"https:\/\/api.w.org\/{rel}","templated":true}]}}